{"id":1735,"date":"2021-12-15T18:15:27","date_gmt":"2021-12-15T17:15:27","guid":{"rendered":"https:\/\/www.naviboat.eu\/?page_id=1735"},"modified":"2023-05-08T00:27:05","modified_gmt":"2023-05-07T22:27:05","slug":"media","status":"publish","type":"page","link":"https:\/\/www.naviboat.eu\/en\/media\/","title":{"rendered":"Media"},"content":{"rendered":"<p>[et_pb_section fb_built=&#8221;1&#8243; _builder_version=&#8221;4.10.8&#8243; _module_preset=&#8221;default&#8221; background_color=&#8221;rgba(0,0,0,0.6)&#8221; background_image=&#8221;https:\/\/www.naviboat.eu\/wp-content\/uploads\/2021\/12\/kontakt.jpg&#8221; background_blend=&#8221;darken&#8221; background_video_mp4=&#8221;https:\/\/www.naviboat.eu\/wp-content\/uploads\/2021\/04\/slow.mp4&#8243; global_colors_info=&#8221;{}&#8221;][et_pb_row _builder_version=&#8221;4.9.2&#8243; _module_preset=&#8221;default&#8221; custom_margin=&#8221;30px|auto|80px|auto||&#8221; global_colors_info=&#8221;{}&#8221;][et_pb_column type=&#8221;4_4&#8243; _builder_version=&#8221;4.9.2&#8243; _module_preset=&#8221;default&#8221; global_colors_info=&#8221;{}&#8221;][et_pb_text _builder_version=&#8221;4.10.8&#8243; _module_preset=&#8221;default&#8221; text_text_color=&#8221;#FFFFFF&#8221; text_font_size=&#8221;18px&#8221; header_text_color=&#8221;#FFFFFF&#8221; header_font_size=&#8221;36px&#8221; header_2_text_color=&#8221;#FFFFFF&#8221; global_colors_info=&#8221;{}&#8221;]<\/p>\n<h2><span style=\"font-size: xx-large;\"><strong>Media<br \/>\n<\/strong><\/span>Video realizations, marketing materials<\/h2>\n<p>&nbsp;[\/et_pb_text][\/et_pb_column][\/et_pb_row][\/et_pb_section][et_pb_section fb_built=&#8221;1&#8243; _builder_version=&#8221;4.9.2&#8243; _module_preset=&#8221;default&#8221; module_alignment=&#8221;center&#8221; global_colors_info=&#8221;{}&#8221;][et_pb_row column_structure=&#8221;1_2,1_2&#8243; _builder_version=&#8221;4.9.2&#8243; _module_preset=&#8221;default&#8221; global_colors_info=&#8221;{}&#8221;][et_pb_column type=&#8221;1_2&#8243; _builder_version=&#8221;4.9.2&#8243; _module_preset=&#8221;default&#8221; global_colors_info=&#8221;{}&#8221;][et_pb_text _builder_version=&#8221;4.10.8&#8243; _module_preset=&#8221;default&#8221; global_colors_info=&#8221;{}&#8221;]<\/p>\n<h1 class=\"et_pb_module_header\">naviBOAT in the media<\/h1>\n<p>Own projects of the <strong>naviBOAT<\/strong> team, projects sent by our partners, testers and everything that deserves a place in the resources of this website. We invite you to cooperate with us !!!!! &#8211; let&#8217;s build a &#8220;Knowledge Zone&#8221; about our device together.<\/p>\n<p><a class=\"et_pb_button et_pb_more_button et_pb_button_one\" href=\"https:\/\/www.naviboat.eu\/wp-content\/uploads\/2021\/12\/NAVIBOAT_logo.png\">Logotype naviBOAT<\/a><\/p>\n<p>[\/et_pb_text][\/et_pb_column][et_pb_column type=&#8221;1_2&#8243; _builder_version=&#8221;4.9.2&#8243; _module_preset=&#8221;default&#8221; global_colors_info=&#8221;{}&#8221;][et_pb_video src=&#8221;https:\/\/youtu.be\/B9rMmwJ9Axc&#8221; _builder_version=&#8221;4.10.8&#8243; _module_preset=&#8221;default&#8221; global_colors_info=&#8221;{}&#8221;][\/et_pb_video][\/et_pb_column][\/et_pb_row][et_pb_row _builder_version=&#8221;4.10.8&#8243; _module_preset=&#8221;default&#8221; column_structure=&#8221;1_2,1_2&#8243;][et_pb_column _builder_version=&#8221;4.10.8&#8243; _module_preset=&#8221;default&#8221; type=&#8221;1_2&#8243;][et_pb_video src=&#8221;https:\/\/youtu.be\/3brZyooMzS8&#8243; _builder_version=&#8221;4.10.8&#8243; _module_preset=&#8221;default&#8221; hover_enabled=&#8221;0&#8243; sticky_enabled=&#8221;0&#8243;][\/et_pb_video][\/et_pb_column][et_pb_column _builder_version=&#8221;4.10.8&#8243; _module_preset=&#8221;default&#8221; type=&#8221;1_2&#8243;][et_pb_video src=&#8221;https:\/\/youtu.be\/AZq0f5U8Uz4&#8243; _builder_version=&#8221;4.10.8&#8243; _module_preset=&#8221;default&#8221; hover_enabled=&#8221;0&#8243; sticky_enabled=&#8221;0&#8243;][\/et_pb_video][\/et_pb_column][\/et_pb_row][et_pb_row column_structure=&#8221;1_2,1_2&#8243; _builder_version=&#8221;4.9.2&#8243; _module_preset=&#8221;default&#8221; global_colors_info=&#8221;{}&#8221;][et_pb_column type=&#8221;1_2&#8243; _builder_version=&#8221;4.9.2&#8243; _module_preset=&#8221;default&#8221; global_colors_info=&#8221;{}&#8221;][et_pb_video src=&#8221;https:\/\/youtu.be\/1w1-zzMpe44&#8243; _builder_version=&#8221;4.10.8&#8243; _module_preset=&#8221;default&#8221; global_colors_info=&#8221;{}&#8221;][\/et_pb_video][et_pb_video src=&#8221;https:\/\/youtu.be\/Go9fxDauxMg&#8221; _builder_version=&#8221;4.10.8&#8243; _module_preset=&#8221;default&#8221; global_colors_info=&#8221;{}&#8221;][\/et_pb_video][et_pb_video src=&#8221;https:\/\/youtu.be\/caSwOM_nCXU&#8221; _builder_version=&#8221;4.10.8&#8243; _module_preset=&#8221;default&#8221; global_colors_info=&#8221;{}&#8221;][\/et_pb_video][et_pb_video src=&#8221;https:\/\/youtu.be\/fsrFj02PhIk&#8221; _builder_version=&#8221;4.10.8&#8243; _module_preset=&#8221;default&#8221; global_colors_info=&#8221;{}&#8221;][\/et_pb_video][\/et_pb_column][et_pb_column type=&#8221;1_2&#8243; _builder_version=&#8221;4.9.2&#8243; _module_preset=&#8221;default&#8221; global_colors_info=&#8221;{}&#8221;][et_pb_video src=&#8221;https:\/\/youtu.be\/UBjiMxlwymw&#8221; _builder_version=&#8221;4.10.8&#8243; _module_preset=&#8221;default&#8221; global_colors_info=&#8221;{}&#8221;][\/et_pb_video][et_pb_video src=&#8221;https:\/\/www.youtube.com\/watch?v=fvVKU2EF4dg&#8221; _builder_version=&#8221;4.10.8&#8243; _module_preset=&#8221;default&#8221; global_colors_info=&#8221;{}&#8221;][\/et_pb_video][et_pb_video src=&#8221;https:\/\/youtu.be\/rwGP3C4YaYs&#8221; _builder_version=&#8221;4.10.8&#8243; _module_preset=&#8221;default&#8221; width=&#8221;100%&#8221; global_colors_info=&#8221;{}&#8221;][\/et_pb_video][et_pb_video src=&#8221;https:\/\/www.youtube.com\/watch?v=IiIz9xAz3vg&#8221; _builder_version=&#8221;4.10.8&#8243; _module_preset=&#8221;default&#8221; global_colors_info=&#8221;{}&#8221;][\/et_pb_video][\/et_pb_column][\/et_pb_row][\/et_pb_section]<\/p>\n","protected":false},"excerpt":{"rendered":"<p>Media Video realizations, marketing materials &nbsp;naviBOAT in the media Own projects of the naviBOAT team, projects sent by our partners, testers and everything that deserves a place in the resources of this website. We invite you to cooperate with us !!!!! &#8211; let&#8217;s build a &#8220;Knowledge Zone&#8221; about our device together. Logotype naviBOAT<\/p>\n","protected":false},"author":1,"featured_media":0,"parent":0,"menu_order":0,"comment_status":"closed","ping_status":"closed","template":"","meta":{"_et_pb_use_builder":"on","_et_pb_old_content":"<p>[et_pb_section fb_built=\"1\" _builder_version=\"4.10.8\" _module_preset=\"default\" background_color=\"rgba(0,0,0,0.6)\" background_image=\"https:\/\/www.naviboat.eu\/wp-content\/uploads\/2021\/12\/kontakt.jpg\" background_blend=\"darken\" global_colors_info=\"{}\"][et_pb_row _builder_version=\"4.9.2\" _module_preset=\"default\" custom_margin=\"30px|auto|80px|auto||\" global_colors_info=\"{}\"][et_pb_column type=\"4_4\" _builder_version=\"4.9.2\" _module_preset=\"default\" global_colors_info=\"{}\"][et_pb_text _builder_version=\"4.10.8\" _module_preset=\"default\" text_text_color=\"#FFFFFF\" text_font_size=\"18px\" header_text_color=\"#FFFFFF\" header_font_size=\"36px\" header_2_text_color=\"#FFFFFF\" global_colors_info=\"{}\"]<\/p><h2><span style=\"font-size: xx-large;\"><strong>Media<br \/><\/strong><\/span><br \/>realizacje Video, materia\u0142y merketingowe<\/h2><p>\u00a0<\/p><p>[\/et_pb_text][\/et_pb_column][\/et_pb_row][\/et_pb_section][et_pb_section fb_built=\"1\" _builder_version=\"4.9.2\" _module_preset=\"default\" module_alignment=\"center\" global_colors_info=\"{}\"][et_pb_row column_structure=\"1_2,1_2\" _builder_version=\"4.9.2\" _module_preset=\"default\" global_colors_info=\"{}\"][et_pb_column type=\"1_2\" _builder_version=\"4.9.2\" _module_preset=\"default\" global_colors_info=\"{}\"][et_pb_text _builder_version=\"4.10.8\" _module_preset=\"default\" global_colors_info=\"{}\"]<\/p><h1 class=\"et_pb_module_header\">naviBOAT w mediach<\/h1><p>W\u0142asne realizacje ekipy <strong>naviBOAT<\/strong>, realizacje podsy\u0142ane przez naszych partner\u00f3w, tester\u00f3w i wszystko co zas\u0142uguje na miejsce w zasobach tej strony. Zapraszamy do wsp\u00f3\u0142pracy !!!!! \u2013 budujmy razem \u201e<strong>Stref\u0119 Wiedzy\u201d<\/strong> o naszym urz\u0105dzeniu.<\/p><p><a class=\"et_pb_button et_pb_more_button et_pb_button_one\" href=\"https:\/\/www.naviboat.eu\/wp-content\/uploads\/2021\/12\/NAVIBOAT_logo.png\">Logotyp naviBOAT<\/a><\/p><p>[\/et_pb_text][\/et_pb_column][et_pb_column type=\"1_2\" _builder_version=\"4.9.2\" _module_preset=\"default\" global_colors_info=\"{}\"][et_pb_video src=\"https:\/\/youtu.be\/B9rMmwJ9Axc\" _builder_version=\"4.10.8\" _module_preset=\"default\" global_colors_info=\"{}\"][\/et_pb_video][\/et_pb_column][\/et_pb_row][et_pb_row column_structure=\"1_2,1_2\" _builder_version=\"4.9.2\" _module_preset=\"default\" global_colors_info=\"{}\"][et_pb_column type=\"1_2\" _builder_version=\"4.9.2\" _module_preset=\"default\" global_colors_info=\"{}\"][et_pb_video src=\"https:\/\/youtu.be\/rwGP3C4YaYs\" _builder_version=\"4.10.8\" _module_preset=\"default\" width=\"100%\" global_colors_info=\"{}\"][\/et_pb_video][et_pb_video src=\"https:\/\/youtu.be\/caSwOM_nCXU\" _builder_version=\"4.10.8\" _module_preset=\"default\" global_colors_info=\"{}\"][\/et_pb_video][\/et_pb_column][et_pb_column type=\"1_2\" _builder_version=\"4.9.2\" _module_preset=\"default\" global_colors_info=\"{}\"][et_pb_video src=\"https:\/\/youtu.be\/UBjiMxlwymw\" _builder_version=\"4.10.8\" _module_preset=\"default\" global_colors_info=\"{}\"][\/et_pb_video][et_pb_video src=\"https:\/\/youtu.be\/fsrFj02PhIk\" _builder_version=\"4.10.8\" _module_preset=\"default\" global_colors_info=\"{}\"][\/et_pb_video][\/et_pb_column][\/et_pb_row][\/et_pb_section]<\/p>","_et_gb_content_width":"","footnotes":""},"class_list":["post-1735","page","type-page","status-publish","hentry"],"_links":{"self":[{"href":"https:\/\/www.naviboat.eu\/en\/wp-json\/wp\/v2\/pages\/1735","targetHints":{"allow":["GET"]}}],"collection":[{"href":"https:\/\/www.naviboat.eu\/en\/wp-json\/wp\/v2\/pages"}],"about":[{"href":"https:\/\/www.naviboat.eu\/en\/wp-json\/wp\/v2\/types\/page"}],"author":[{"embeddable":true,"href":"https:\/\/www.naviboat.eu\/en\/wp-json\/wp\/v2\/users\/1"}],"replies":[{"embeddable":true,"href":"https:\/\/www.naviboat.eu\/en\/wp-json\/wp\/v2\/comments?post=1735"}],"version-history":[{"count":6,"href":"https:\/\/www.naviboat.eu\/en\/wp-json\/wp\/v2\/pages\/1735\/revisions"}],"predecessor-version":[{"id":5524,"href":"https:\/\/www.naviboat.eu\/en\/wp-json\/wp\/v2\/pages\/1735\/revisions\/5524"}],"wp:attachment":[{"href":"https:\/\/www.naviboat.eu\/en\/wp-json\/wp\/v2\/media?parent=1735"}],"curies":[{"name":"wp","href":"https:\/\/api.w.org\/{rel}","templated":true}]}}