{"id":15523,"date":"2025-11-13T18:48:13","date_gmt":"2025-11-13T17:48:13","guid":{"rendered":"https:\/\/www.naviboat.eu\/?post_type=product&#038;p=15523"},"modified":"2025-11-14T12:16:17","modified_gmt":"2025-11-14T11:16:17","slug":"navisonar-zamowienie-partnera-projektu","status":"publish","type":"product","link":"https:\/\/www.naviboat.eu\/en\/produkt\/navisonar-zamowienie-partnera-projektu\/","title":{"rendered":"Echosonda \u2013 naviSONAR &#8211; Strefa Partner\u00f3w"},"content":{"rendered":"<p>W przypadku ZAM\u00d3WIENIE PARTNERA PROJEKTU \u2013 Echosonda \u2013 naviSONAR \u2013 Partner\u00f3w handlowych prosimy o u\u017cycie indywidualnych kod\u00f3w rabatowych.<\/p>\n","protected":false},"excerpt":{"rendered":"<p>W przypadku ZAM\u00d3WIENIE PARTNERA PROJEKTU \u2013 Echosonda \u2013 naviSONAR \u2013 Partner\u00f3w handlowych prosimy o u\u017cycie indywidualnych kod\u00f3w rabatowych.<\/p>\n","protected":false},"featured_media":15482,"template":"","meta":{"_et_pb_use_builder":"","_et_pb_old_content":"","_et_gb_content_width":""},"product_cat":[128],"product_tag":[],"class_list":{"0":"post-15523","1":"product","2":"type-product","3":"status-publish","4":"has-post-thumbnail","6":"product_cat-navisonar","8":"first","9":"instock","10":"shipping-taxable","11":"purchasable","12":"product-type-variable"},"_links":{"self":[{"href":"https:\/\/www.naviboat.eu\/en\/wp-json\/wp\/v2\/product\/15523","targetHints":{"allow":["GET"]}}],"collection":[{"href":"https:\/\/www.naviboat.eu\/en\/wp-json\/wp\/v2\/product"}],"about":[{"href":"https:\/\/www.naviboat.eu\/en\/wp-json\/wp\/v2\/types\/product"}],"wp:featuredmedia":[{"embeddable":true,"href":"https:\/\/www.naviboat.eu\/en\/wp-json\/wp\/v2\/media\/15482"}],"wp:attachment":[{"href":"https:\/\/www.naviboat.eu\/en\/wp-json\/wp\/v2\/media?parent=15523"}],"wp:term":[{"taxonomy":"product_cat","embeddable":true,"href":"https:\/\/www.naviboat.eu\/en\/wp-json\/wp\/v2\/product_cat?post=15523"},{"taxonomy":"product_tag","embeddable":true,"href":"https:\/\/www.naviboat.eu\/en\/wp-json\/wp\/v2\/product_tag?post=15523"}],"curies":[{"name":"wp","href":"https:\/\/api.w.org\/{rel}","templated":true}]}}