{"id":2882,"date":"2022-07-16T18:21:14","date_gmt":"2022-07-16T16:21:14","guid":{"rendered":"https:\/\/www.naviboat.eu\/?post_type=product&#038;p=2882"},"modified":"2026-03-18T16:55:15","modified_gmt":"2026-03-18T15:55:15","slug":"naviboat-zamowienie-partnera-projektu","status":"publish","type":"product","link":"https:\/\/www.naviboat.eu\/en\/produkt\/naviboat-zamowienie-partnera-projektu\/","title":{"rendered":"Nawigacja \u2013 naviBOAT &#8211; Partner Projektu"},"content":{"rendered":"<p>W przypadku ZAM\u00d3WIENIE PARTNERA PROJEKTU &#8211; Nawigacja \u2013 naviBOAT &#8211; Partner\u00f3w handlowych prosimy o u\u017cycie indywidualnych kod\u00f3w rabatowych.<\/p>\n","protected":false},"excerpt":{"rendered":"<p>W przypadku ZAM\u00d3WIENIE PARTNERA PROJEKTU &#8211; Nawigacja \u2013 naviBOAT &#8211; Partner\u00f3w handlowych prosimy o u\u017cycie indywidualnych kod\u00f3w rabatowych.<\/p>\n","protected":false},"featured_media":16193,"template":"","meta":{"_et_pb_use_builder":"","_et_pb_old_content":"","_et_gb_content_width":""},"product_cat":[15],"product_tag":[],"class_list":{"0":"post-2882","1":"product","2":"type-product","3":"status-publish","4":"has-post-thumbnail","6":"product_cat-dystrybucja","8":"first","9":"instock","10":"shipping-taxable","11":"purchasable","12":"product-type-simple"},"_links":{"self":[{"href":"https:\/\/www.naviboat.eu\/en\/wp-json\/wp\/v2\/product\/2882","targetHints":{"allow":["GET"]}}],"collection":[{"href":"https:\/\/www.naviboat.eu\/en\/wp-json\/wp\/v2\/product"}],"about":[{"href":"https:\/\/www.naviboat.eu\/en\/wp-json\/wp\/v2\/types\/product"}],"wp:featuredmedia":[{"embeddable":true,"href":"https:\/\/www.naviboat.eu\/en\/wp-json\/wp\/v2\/media\/16193"}],"wp:attachment":[{"href":"https:\/\/www.naviboat.eu\/en\/wp-json\/wp\/v2\/media?parent=2882"}],"wp:term":[{"taxonomy":"product_cat","embeddable":true,"href":"https:\/\/www.naviboat.eu\/en\/wp-json\/wp\/v2\/product_cat?post=2882"},{"taxonomy":"product_tag","embeddable":true,"href":"https:\/\/www.naviboat.eu\/en\/wp-json\/wp\/v2\/product_tag?post=2882"}],"curies":[{"name":"wp","href":"https:\/\/api.w.org\/{rel}","templated":true}]}}